{"id":731,"date":"2024-09-11T23:38:51","date_gmt":"2024-09-11T23:38:51","guid":{"rendered":"https:\/\/iimetmat.umsa.edu.bo\/?page_id=731"},"modified":"2025-07-08T23:19:16","modified_gmt":"2025-07-08T23:19:16","slug":"postgrado","status":"publish","type":"page","link":"https:\/\/iimetmat.umsa.edu.bo\/index.php\/postgrado\/","title":{"rendered":"Postgrado"},"content":{"rendered":"\t\t<div data-elementor-type=\"wp-page\" data-elementor-id=\"731\" class=\"elementor elementor-731\" data-elementor-post-type=\"page\">\n\t\t\t\t<div class=\"elementor-element elementor-element-e8983fa e-flex e-con-boxed e-con e-parent\" data-id=\"e8983fa\" data-element_type=\"container\" data-e-type=\"container\">\n\t\t\t\t\t<div class=\"e-con-inner\">\n\t\t\t\t<div class=\"elementor-element elementor-element-95d55ae elementor-widget elementor-widget-heading\" data-id=\"95d55ae\" data-element_type=\"widget\" data-e-type=\"widget\" data-widget_type=\"heading.default\">\n\t\t\t\t<div class=\"elementor-widget-container\">\n\t\t\t\t\t<h2 class=\"elementor-heading-title elementor-size-default\">INGENIER\u00cdA METAL\u00daRGICA<\/h2>\t\t\t\t<\/div>\n\t\t\t\t<\/div>\n\t\t\t\t<div class=\"elementor-element elementor-element-32dd21c elementor-widget elementor-widget-heading\" data-id=\"32dd21c\" data-element_type=\"widget\" data-e-type=\"widget\" data-widget_type=\"heading.default\">\n\t\t\t\t<div class=\"elementor-widget-container\">\n\t\t\t\t\t<h2 class=\"elementor-heading-title elementor-size-default\">Diplomado en Producci\u00f3n de Oro Responsable en la Miner\u00eda Artesanal y de Peque\u00f1a Escala.<br><br>Modalidad: Semi-presencial<\/h2>\t\t\t\t<\/div>\n\t\t\t\t<\/div>\n\t\t\t\t\t<\/div>\n\t\t\t\t<\/div>\n\t\t<div class=\"elementor-element elementor-element-41fea1b e-flex e-con-boxed e-con e-parent\" data-id=\"41fea1b\" data-element_type=\"container\" data-e-type=\"container\">\n\t\t\t\t\t<div class=\"e-con-inner\">\n\t\t\t\t<div class=\"elementor-element elementor-element-ae0e633 elementor-widget elementor-widget-n-accordion\" data-id=\"ae0e633\" data-element_type=\"widget\" data-e-type=\"widget\" data-settings=\"{&quot;default_state&quot;:&quot;all_collapsed&quot;,&quot;max_items_expended&quot;:&quot;one&quot;,&quot;n_accordion_animation_duration&quot;:{&quot;unit&quot;:&quot;ms&quot;,&quot;size&quot;:400,&quot;sizes&quot;:[]}}\" data-widget_type=\"nested-accordion.default\">\n\t\t\t\t<div class=\"elementor-widget-container\">\n\t\t\t\t\t\t\t<div class=\"e-n-accordion\" aria-label=\"Accordion. Open links with Enter or Space, close with Escape, and navigate with Arrow Keys\">\n\t\t\t\t\t\t<details id=\"e-n-accordion-item-1820\" class=\"e-n-accordion-item\" >\n\t\t\t\t<summary class=\"e-n-accordion-item-title\" data-accordion-index=\"1\" tabindex=\"0\" aria-expanded=\"false\" aria-controls=\"e-n-accordion-item-1820\" >\n\t\t\t\t\t<span class='e-n-accordion-item-title-header'><div class=\"e-n-accordion-item-title-text\"> Primera Versi\u00f3n  Semestre 1\/2023 <\/div><\/span>\n\t\t\t\t\t\t\t\t\t<\/summary>\n\t\t\t\t<div role=\"region\" aria-labelledby=\"e-n-accordion-item-1820\" class=\"elementor-element elementor-element-3eee99c e-con-full e-flex e-con e-child\" data-id=\"3eee99c\" data-element_type=\"container\" data-e-type=\"container\">\n\t\t<div role=\"region\" aria-labelledby=\"e-n-accordion-item-1820\" class=\"elementor-element elementor-element-0469d44 e-flex e-con-boxed e-con e-child\" data-id=\"0469d44\" data-element_type=\"container\" data-e-type=\"container\">\n\t\t\t\t\t<div class=\"e-con-inner\">\n\t\t\t\t<div class=\"elementor-element elementor-element-eb86f5d elementor-invisible elementor-widget elementor-widget-image\" data-id=\"eb86f5d\" data-element_type=\"widget\" data-e-type=\"widget\" data-settings=\"{&quot;_animation&quot;:&quot;fadeIn&quot;}\" data-widget_type=\"image.default\">\n\t\t\t\t<div class=\"elementor-widget-container\">\n\t\t\t\t\t\t\t\t\t\t\t\t\t\t\t<img fetchpriority=\"high\" decoding=\"async\" width=\"672\" height=\"1024\" src=\"https:\/\/iimetmat.umsa.edu.bo\/wp-content\/uploads\/2025\/07\/Res-613-Aprobar-la-Apertura-Diplomado-IIMETMAT-1-672x1024.png\" class=\"attachment-large size-large wp-image-1293\" alt=\"\" srcset=\"https:\/\/iimetmat.umsa.edu.bo\/wp-content\/uploads\/2025\/07\/Res-613-Aprobar-la-Apertura-Diplomado-IIMETMAT-1-672x1024.png 672w, https:\/\/iimetmat.umsa.edu.bo\/wp-content\/uploads\/2025\/07\/Res-613-Aprobar-la-Apertura-Diplomado-IIMETMAT-1-197x300.png 197w, https:\/\/iimetmat.umsa.edu.bo\/wp-content\/uploads\/2025\/07\/Res-613-Aprobar-la-Apertura-Diplomado-IIMETMAT-1-768x1171.png 768w, https:\/\/iimetmat.umsa.edu.bo\/wp-content\/uploads\/2025\/07\/Res-613-Aprobar-la-Apertura-Diplomado-IIMETMAT-1-1007x1536.png 1007w, https:\/\/iimetmat.umsa.edu.bo\/wp-content\/uploads\/2025\/07\/Res-613-Aprobar-la-Apertura-Diplomado-IIMETMAT-1-1343x2048.png 1343w, https:\/\/iimetmat.umsa.edu.bo\/wp-content\/uploads\/2025\/07\/Res-613-Aprobar-la-Apertura-Diplomado-IIMETMAT-1-scaled.png 1679w\" sizes=\"(max-width: 672px) 100vw, 672px\" \/>\t\t\t\t\t\t\t\t\t\t\t\t\t\t\t<\/div>\n\t\t\t\t<\/div>\n\t\t\t\t\t<\/div>\n\t\t\t\t<\/div>\n\t\t\t\t<\/div>\n\t\t\t\t\t<\/details>\n\t\t\t\t\t\t<details id=\"e-n-accordion-item-1821\" class=\"e-n-accordion-item\" >\n\t\t\t\t<summary class=\"e-n-accordion-item-title\" data-accordion-index=\"2\" tabindex=\"-1\" aria-expanded=\"false\" aria-controls=\"e-n-accordion-item-1821\" >\n\t\t\t\t\t<span class='e-n-accordion-item-title-header'><div class=\"e-n-accordion-item-title-text\"> Segunda Versi\u00f3n  Semestre 1\/2025 <\/div><\/span>\n\t\t\t\t\t\t\t\t\t<\/summary>\n\t\t\t\t<div role=\"region\" aria-labelledby=\"e-n-accordion-item-1821\" class=\"elementor-element elementor-element-ad23427 e-con-full e-flex e-con e-child\" data-id=\"ad23427\" data-element_type=\"container\" data-e-type=\"container\">\n\t\t<div role=\"region\" aria-labelledby=\"e-n-accordion-item-1821\" class=\"elementor-element elementor-element-ebb37b5 e-flex e-con-boxed e-con e-child\" data-id=\"ebb37b5\" data-element_type=\"container\" data-e-type=\"container\">\n\t\t\t\t\t<div class=\"e-con-inner\">\n\t\t\t\t<div class=\"elementor-element elementor-element-09edaed elementor-invisible elementor-widget elementor-widget-image\" data-id=\"09edaed\" data-element_type=\"widget\" data-e-type=\"widget\" data-settings=\"{&quot;_animation&quot;:&quot;fadeIn&quot;}\" data-widget_type=\"image.default\">\n\t\t\t\t<div class=\"elementor-widget-container\">\n\t\t\t\t\t\t\t\t\t\t\t\t\t\t\t<img decoding=\"async\" width=\"672\" height=\"1024\" src=\"https:\/\/iimetmat.umsa.edu.bo\/wp-content\/uploads\/2025\/07\/Res.-HCF-334-APERTURA-DIPLOMADO-672x1024.png\" class=\"attachment-large size-large wp-image-1294\" alt=\"\" srcset=\"https:\/\/iimetmat.umsa.edu.bo\/wp-content\/uploads\/2025\/07\/Res.-HCF-334-APERTURA-DIPLOMADO-672x1024.png 672w, https:\/\/iimetmat.umsa.edu.bo\/wp-content\/uploads\/2025\/07\/Res.-HCF-334-APERTURA-DIPLOMADO-197x300.png 197w, https:\/\/iimetmat.umsa.edu.bo\/wp-content\/uploads\/2025\/07\/Res.-HCF-334-APERTURA-DIPLOMADO-768x1171.png 768w, https:\/\/iimetmat.umsa.edu.bo\/wp-content\/uploads\/2025\/07\/Res.-HCF-334-APERTURA-DIPLOMADO-1007x1536.png 1007w, https:\/\/iimetmat.umsa.edu.bo\/wp-content\/uploads\/2025\/07\/Res.-HCF-334-APERTURA-DIPLOMADO-1343x2048.png 1343w, https:\/\/iimetmat.umsa.edu.bo\/wp-content\/uploads\/2025\/07\/Res.-HCF-334-APERTURA-DIPLOMADO-scaled.png 1679w\" sizes=\"(max-width: 672px) 100vw, 672px\" \/>\t\t\t\t\t\t\t\t\t\t\t\t\t\t\t<\/div>\n\t\t\t\t<\/div>\n\t\t\t\t\t<\/div>\n\t\t\t\t<\/div>\n\t\t\t\t<\/div>\n\t\t\t\t\t<\/details>\n\t\t\t\t\t<\/div>\n\t\t\t\t\t\t<\/div>\n\t\t\t\t<\/div>\n\t\t\t\t<div class=\"elementor-element elementor-element-a4f4c01 elementor-widget elementor-widget-heading\" data-id=\"a4f4c01\" data-element_type=\"widget\" data-e-type=\"widget\" data-widget_type=\"heading.default\">\n\t\t\t\t<div class=\"elementor-widget-container\">\n\t\t\t\t\t<h2 class=\"elementor-heading-title elementor-size-default\">INGENIER\u00cdA DE MATERIALES<\/h2>\t\t\t\t<\/div>\n\t\t\t\t<\/div>\n\t\t\t\t\t<\/div>\n\t\t\t\t<\/div>\n\t\t<div class=\"elementor-element elementor-element-466b1fa e-flex e-con-boxed e-con e-parent\" data-id=\"466b1fa\" data-element_type=\"container\" data-e-type=\"container\">\n\t\t\t\t\t<div class=\"e-con-inner\">\n\t\t\t\t\t<\/div>\n\t\t\t\t<\/div>\n\t\t<div class=\"elementor-element elementor-element-76a2ede e-flex e-con-boxed e-con e-parent\" data-id=\"76a2ede\" data-element_type=\"container\" data-e-type=\"container\">\n\t\t\t\t\t<div class=\"e-con-inner\">\n\t\t\t\t\t<\/div>\n\t\t\t\t<\/div>\n\t\t\t\t<\/div>\n\t\t","protected":false},"excerpt":{"rendered":"<p>INGENIER\u00cdA METAL\u00daRGICA Diplomado en Producci\u00f3n de Oro Responsable en la Miner\u00eda Artesanal y de Peque\u00f1a Escala. Modalidad: Semi-presencial Primera Versi\u00f3n [&hellip;]<\/p>\n","protected":false},"author":4,"featured_media":0,"parent":0,"menu_order":0,"comment_status":"closed","ping_status":"closed","template":"","meta":{"site-sidebar-layout":"no-sidebar","site-content-layout":"","ast-site-content-layout":"full-width-container","site-content-style":"default","site-sidebar-style":"default","ast-global-header-display":"","ast-banner-title-visibility":"","ast-main-header-display":"","ast-hfb-above-header-display":"","ast-hfb-below-header-display":"","ast-hfb-mobile-header-display":"","site-post-title":"disabled","ast-breadcrumbs-content":"","ast-featured-img":"disabled","footer-sml-layout":"","ast-disable-related-posts":"","theme-transparent-header-meta":"","adv-header-id-meta":"","stick-header-meta":"","header-above-stick-meta":"","header-main-stick-meta":"","header-below-stick-meta":"","astra-migrate-meta-layouts":"default","ast-page-background-enabled":"default","ast-page-background-meta":{"desktop":{"background-color":"var(--ast-global-color-4)","background-image":"","background-repeat":"repeat","background-position":"center center","background-size":"auto","background-attachment":"scroll","background-type":"","background-media":"","overlay-type":"","overlay-color":"","overlay-opacity":"","overlay-gradient":""},"tablet":{"background-color":"","background-image":"","background-repeat":"repeat","background-position":"center center","background-size":"auto","background-attachment":"scroll","background-type":"","background-media":"","overlay-type":"","overlay-color":"","overlay-opacity":"","overlay-gradient":""},"mobile":{"background-color":"","background-image":"","background-repeat":"repeat","background-position":"center center","background-size":"auto","background-attachment":"scroll","background-type":"","background-media":"","overlay-type":"","overlay-color":"","overlay-opacity":"","overlay-gradient":""}},"ast-content-background-meta":{"desktop":{"background-color":"var(--ast-global-color-5)","background-image":"","background-repeat":"repeat","background-position":"center center","background-size":"auto","background-attachment":"scroll","background-type":"","background-media":"","overlay-type":"","overlay-color":"","overlay-opacity":"","overlay-gradient":""},"tablet":{"background-color":"var(--ast-global-color-5)","background-image":"","background-repeat":"repeat","background-position":"center center","background-size":"auto","background-attachment":"scroll","background-type":"","background-media":"","overlay-type":"","overlay-color":"","overlay-opacity":"","overlay-gradient":""},"mobile":{"background-color":"var(--ast-global-color-5)","background-image":"","background-repeat":"repeat","background-position":"center center","background-size":"auto","background-attachment":"scroll","background-type":"","background-media":"","overlay-type":"","overlay-color":"","overlay-opacity":"","overlay-gradient":""}},"footnotes":""},"class_list":["post-731","page","type-page","status-publish","hentry"],"_links":{"self":[{"href":"https:\/\/iimetmat.umsa.edu.bo\/index.php\/wp-json\/wp\/v2\/pages\/731","targetHints":{"allow":["GET"]}}],"collection":[{"href":"https:\/\/iimetmat.umsa.edu.bo\/index.php\/wp-json\/wp\/v2\/pages"}],"about":[{"href":"https:\/\/iimetmat.umsa.edu.bo\/index.php\/wp-json\/wp\/v2\/types\/page"}],"author":[{"embeddable":true,"href":"https:\/\/iimetmat.umsa.edu.bo\/index.php\/wp-json\/wp\/v2\/users\/4"}],"replies":[{"embeddable":true,"href":"https:\/\/iimetmat.umsa.edu.bo\/index.php\/wp-json\/wp\/v2\/comments?post=731"}],"version-history":[{"count":38,"href":"https:\/\/iimetmat.umsa.edu.bo\/index.php\/wp-json\/wp\/v2\/pages\/731\/revisions"}],"predecessor-version":[{"id":1304,"href":"https:\/\/iimetmat.umsa.edu.bo\/index.php\/wp-json\/wp\/v2\/pages\/731\/revisions\/1304"}],"wp:attachment":[{"href":"https:\/\/iimetmat.umsa.edu.bo\/index.php\/wp-json\/wp\/v2\/media?parent=731"}],"curies":[{"name":"wp","href":"https:\/\/api.w.org\/{rel}","templated":true}]}}