{"id":710,"date":"2024-09-11T23:36:12","date_gmt":"2024-09-11T23:36:12","guid":{"rendered":"https:\/\/iimetmat.umsa.edu.bo\/?page_id=710"},"modified":"2025-01-12T23:47:44","modified_gmt":"2025-01-12T23:47:44","slug":"objetivos","status":"publish","type":"page","link":"https:\/\/iimetmat.umsa.edu.bo\/index.php\/objetivos\/","title":{"rendered":"Objetivos"},"content":{"rendered":"\t\t<div data-elementor-type=\"wp-page\" data-elementor-id=\"710\" class=\"elementor elementor-710\" data-elementor-post-type=\"page\">\n\t\t\t\t<div class=\"elementor-element elementor-element-69b8358 e-flex e-con-boxed e-con e-parent\" data-id=\"69b8358\" data-element_type=\"container\" data-e-type=\"container\" data-settings=\"{&quot;background_background&quot;:&quot;classic&quot;}\">\n\t\t\t\t\t<div class=\"e-con-inner\">\n\t\t\t\t<div class=\"elementor-element elementor-element-086c086 elementor-widget__width-initial elementor-widget elementor-widget-heading\" data-id=\"086c086\" data-element_type=\"widget\" data-e-type=\"widget\" data-widget_type=\"heading.default\">\n\t\t\t\t<div class=\"elementor-widget-container\">\n\t\t\t\t\t<h2 class=\"elementor-heading-title elementor-size-default\">Objetivos Institucionales<\/h2>\t\t\t\t<\/div>\n\t\t\t\t<\/div>\n\t\t\t\t<div class=\"elementor-element elementor-element-2a2f6f9 elementor-widget__width-initial elementor-widget elementor-widget-text-editor\" data-id=\"2a2f6f9\" data-element_type=\"widget\" data-e-type=\"widget\" data-widget_type=\"text-editor.default\">\n\t\t\t\t<div class=\"elementor-widget-container\">\n\t\t\t\t\t\t\t\t\t<ul><li><strong>Realizar investigaci\u00f3n cient\u00edfica e innovaci\u00f3n orientada a la soluci\u00f3n de problem\u00e1ticas\u00a0nacionales a fin de apoyar y participar en el desarrollo sostenible de la\u00a0industrializaci\u00f3n de los recursos minerales del pa\u00eds, con responsabilidad social y\u00a0ambiental en las \u00e1reas la Ingenier\u00eda Metal\u00fargica, Ingenier\u00eda de Materiales,\u00a0Ingenier\u00eda Sider\u00fargica, Ingenier\u00eda del Litio y Recursos Evapor\u00edticos e Ingenier\u00eda en\u00a0Pol\u00edmeros.<\/strong><\/li><li><strong>Formar y capacitar profesionales graduados y post-graduados de alto nivel en\u00a0<\/strong><strong>Ingenier\u00eda Metal\u00fargica y de Materiales, para apoyar y participar en el desarrollo\u00a0<\/strong><strong>de la industrializaci\u00f3n de los recursos naturales del pa\u00eds.<\/strong><\/li><li><strong>Participar activamente en la discusi\u00f3n de la problem\u00e1tica nacional y contribuir\u00a0<\/strong><strong>en las soluciones que impulsen el desarrollo sostenible del pa\u00eds en el marco de la\u00a0<\/strong><strong>industrializaci\u00f3n de sus recursos naturales.<\/strong><\/li><\/ul>\t\t\t\t\t\t\t\t<\/div>\n\t\t\t\t<\/div>\n\t\t\t\t\t<\/div>\n\t\t\t\t<\/div>\n\t\t\t\t<\/div>\n\t\t","protected":false},"excerpt":{"rendered":"<p>Objetivos Institucionales Realizar investigaci\u00f3n cient\u00edfica e innovaci\u00f3n orientada a la soluci\u00f3n de problem\u00e1ticas\u00a0nacionales a fin de apoyar y participar en [&hellip;]<\/p>\n","protected":false},"author":2,"featured_media":0,"parent":0,"menu_order":0,"comment_status":"closed","ping_status":"closed","template":"","meta":{"site-sidebar-layout":"no-sidebar","site-content-layout":"","ast-site-content-layout":"full-width-container","site-content-style":"default","site-sidebar-style":"default","ast-global-header-display":"","ast-banner-title-visibility":"","ast-main-header-display":"","ast-hfb-above-header-display":"","ast-hfb-below-header-display":"","ast-hfb-mobile-header-display":"","site-post-title":"disabled","ast-breadcrumbs-content":"","ast-featured-img":"disabled","footer-sml-layout":"","ast-disable-related-posts":"","theme-transparent-header-meta":"","adv-header-id-meta":"","stick-header-meta":"","header-above-stick-meta":"","header-main-stick-meta":"","header-below-stick-meta":"","astra-migrate-meta-layouts":"default","ast-page-background-enabled":"default","ast-page-background-meta":{"desktop":{"background-color":"var(--ast-global-color-4)","background-image":"","background-repeat":"repeat","background-position":"center center","background-size":"auto","background-attachment":"scroll","background-type":"","background-media":"","overlay-type":"","overlay-color":"","overlay-opacity":"","overlay-gradient":""},"tablet":{"background-color":"","background-image":"","background-repeat":"repeat","background-position":"center center","background-size":"auto","background-attachment":"scroll","background-type":"","background-media":"","overlay-type":"","overlay-color":"","overlay-opacity":"","overlay-gradient":""},"mobile":{"background-color":"","background-image":"","background-repeat":"repeat","background-position":"center center","background-size":"auto","background-attachment":"scroll","background-type":"","background-media":"","overlay-type":"","overlay-color":"","overlay-opacity":"","overlay-gradient":""}},"ast-content-background-meta":{"desktop":{"background-color":"var(--ast-global-color-5)","background-image":"","background-repeat":"repeat","background-position":"center center","background-size":"auto","background-attachment":"scroll","background-type":"","background-media":"","overlay-type":"","overlay-color":"","overlay-opacity":"","overlay-gradient":""},"tablet":{"background-color":"var(--ast-global-color-5)","background-image":"","background-repeat":"repeat","background-position":"center center","background-size":"auto","background-attachment":"scroll","background-type":"","background-media":"","overlay-type":"","overlay-color":"","overlay-opacity":"","overlay-gradient":""},"mobile":{"background-color":"var(--ast-global-color-5)","background-image":"","background-repeat":"repeat","background-position":"center center","background-size":"auto","background-attachment":"scroll","background-type":"","background-media":"","overlay-type":"","overlay-color":"","overlay-opacity":"","overlay-gradient":""}},"footnotes":""},"class_list":["post-710","page","type-page","status-publish","hentry"],"_links":{"self":[{"href":"https:\/\/iimetmat.umsa.edu.bo\/index.php\/wp-json\/wp\/v2\/pages\/710","targetHints":{"allow":["GET"]}}],"collection":[{"href":"https:\/\/iimetmat.umsa.edu.bo\/index.php\/wp-json\/wp\/v2\/pages"}],"about":[{"href":"https:\/\/iimetmat.umsa.edu.bo\/index.php\/wp-json\/wp\/v2\/types\/page"}],"author":[{"embeddable":true,"href":"https:\/\/iimetmat.umsa.edu.bo\/index.php\/wp-json\/wp\/v2\/users\/2"}],"replies":[{"embeddable":true,"href":"https:\/\/iimetmat.umsa.edu.bo\/index.php\/wp-json\/wp\/v2\/comments?post=710"}],"version-history":[{"count":19,"href":"https:\/\/iimetmat.umsa.edu.bo\/index.php\/wp-json\/wp\/v2\/pages\/710\/revisions"}],"predecessor-version":[{"id":1238,"href":"https:\/\/iimetmat.umsa.edu.bo\/index.php\/wp-json\/wp\/v2\/pages\/710\/revisions\/1238"}],"wp:attachment":[{"href":"https:\/\/iimetmat.umsa.edu.bo\/index.php\/wp-json\/wp\/v2\/media?parent=710"}],"curies":[{"name":"wp","href":"https:\/\/api.w.org\/{rel}","templated":true}]}}